{"id":78,"date":"2018-11-02T19:10:09","date_gmt":"2018-11-02T18:10:09","guid":{"rendered":"http:\/\/www.sd-cvvs.si\/?page_id=78"},"modified":"2025-05-03T10:16:19","modified_gmt":"2025-05-03T08:16:19","slug":"prva","status":"publish","type":"page","link":"https:\/\/www.sd-cvvs.si\/","title":{"rendered":"Strelsko dru\u0161tvo CVVS Logatec"},"content":{"rendered":"<p>SD CVVS Logatec je bilo ustanovljeno 29.10.2009 in se je poimenovalo STRELSKO DRU\u0160TVO CENTER VETERANOV VOJNE ZA SLOVENIJO LOGATEC.<\/p>\n<p>Ustanovitelji so bili \u010dlani OZVVS Logatec, ter ljubitelji strelstva v ob\u010dini Logatec. Dru\u0161tvo je od vsega za\u010detka zdru\u017eevalo ljubitelje amaterskega strelskega \u0161porta. Cilji dru\u0161tva so: uveljavljanje in pospe\u0161evanje \u0161portnih aktivnosti na podro\u010dju strelstva in rekreacije, skrbeti za mno\u017ei\u010dnost in popularizacijo strelskega \u0161porta med ob\u010dani, predvsem med mladimi. V dru\u0161tvu se zavzemamo za dvig tekmovalne strelske kulture, izobra\u017eevanje svojih \u010dlanov, kot tudi \u0161ir\u0161e javnosti, ter kulture medsebojnih \u010dlove\u0161kih stikov med ljudmi. Strelsko dru\u0161tvo je prostovoljno, samostojno, nepridobitno zdru\u017eenje fizi\u010dnih oseb, ki se zdru\u017eujejo zaradi razvijanja skupno dolo\u010denih interesov strelskega \u0161porta in drugih \u0161portnih dejavnosti.<br \/>\nDru\u0161tvo ima urejeno <a href=\"https:\/\/www.sd-cvvs.si\/index.php\/galerija\/\">klubsko streli\u0161\u010de<\/a>, na katerem lahko \u010dlani dru\u0161tva opravljajo treninge. \u010clani dru\u0161tva tekmujejo v razli\u010dnih strelskih disciplinah v katerih dosegajo vidne rezultate.<\/p>\n","protected":false},"excerpt":{"rendered":"<p>SD CVVS Logatec je bilo ustanovljeno 29.10.2009 in se je poimenovalo STRELSKO DRU\u0160TVO CENTER VETERANOV VOJNE ZA SLOVENIJO LOGATEC. Ustanovitelji so bili \u010dlani OZVVS Logatec, ter ljubitelji strelstva v ob\u010dini Logatec. Dru\u0161tvo je od vsega za\u010detka zdru\u017eevalo ljubitelje amaterskega strelskega &hellip; <a href=\"https:\/\/www.sd-cvvs.si\/\">Beri naprej <span class=\"meta-nav\">&rarr;<\/span><\/a><\/p>\n","protected":false},"author":1,"featured_media":0,"parent":0,"menu_order":0,"comment_status":"closed","ping_status":"closed","template":"","meta":{"ngg_post_thumbnail":0,"footnotes":""},"class_list":["post-78","page","type-page","status-publish","hentry"],"_links":{"self":[{"href":"https:\/\/www.sd-cvvs.si\/index.php\/wp-json\/wp\/v2\/pages\/78","targetHints":{"allow":["GET"]}}],"collection":[{"href":"https:\/\/www.sd-cvvs.si\/index.php\/wp-json\/wp\/v2\/pages"}],"about":[{"href":"https:\/\/www.sd-cvvs.si\/index.php\/wp-json\/wp\/v2\/types\/page"}],"author":[{"embeddable":true,"href":"https:\/\/www.sd-cvvs.si\/index.php\/wp-json\/wp\/v2\/users\/1"}],"replies":[{"embeddable":true,"href":"https:\/\/www.sd-cvvs.si\/index.php\/wp-json\/wp\/v2\/comments?post=78"}],"version-history":[{"count":30,"href":"https:\/\/www.sd-cvvs.si\/index.php\/wp-json\/wp\/v2\/pages\/78\/revisions"}],"predecessor-version":[{"id":357,"href":"https:\/\/www.sd-cvvs.si\/index.php\/wp-json\/wp\/v2\/pages\/78\/revisions\/357"}],"wp:attachment":[{"href":"https:\/\/www.sd-cvvs.si\/index.php\/wp-json\/wp\/v2\/media?parent=78"}],"curies":[{"name":"wp","href":"https:\/\/api.w.org\/{rel}","templated":true}]}}