{"id":116,"date":"2019-03-07T17:07:27","date_gmt":"2019-03-07T16:07:27","guid":{"rendered":"http:\/\/www.sd-cvvs.si\/?page_id=116"},"modified":"2026-04-28T17:49:44","modified_gmt":"2026-04-28T15:49:44","slug":"kontakt","status":"publish","type":"page","link":"https:\/\/www.sd-cvvs.si\/index.php\/kontakt\/","title":{"rendered":"Kontakt"},"content":{"rendered":"<p><strong>STRELSKO DRU\u0160TVO <\/strong><strong>CENTER VETERANOV VOJNE&nbsp; Z<\/strong><strong>A SLOVENIJO<\/strong><strong>&nbsp; &nbsp; LOGATEC<br \/>\nPoljska pot 6, 1370 Logatec<\/strong><\/p>\n<p>Mati\u010dna \u0161tevilka: <span id=\"ctl00_ctl00_cphMain_cphMainCol_CompanyDetailsData1_rptCD_ctl08_litContent\">4015568000<br \/>\nDav\u010dna \u0161tevilka:<span id=\"ctl00_ctl00_cphMain_cphMainCol_CompanyDetailsData1_rptCD_ctl09_litContent\">74579754<\/span><br \/>\n<\/span><\/p>\n<p><strong>TRR:<\/strong> <strong>SI56 0202 5025 8478 332<\/strong> (NLB d.d.).<\/p>\n<p>info:robert.lukan(@)siol.net<\/p>\n<p>QR koda za pla\u010dilo \u010dlanarine. Popravi sklic na \u0161t: 00-\u0161t, izkaznice.<br \/>\n<img loading=\"lazy\" decoding=\"async\" class=\"alignnone size-full wp-image-375\" src=\"https:\/\/www.sd-cvvs.si\/wp-content\/uploads\/2026\/04\/clanarina.png\" alt=\"\" width=\"181\" height=\"177\"><\/p>\n<p>&nbsp;<\/p>\n","protected":false},"excerpt":{"rendered":"<p>STRELSKO DRU\u0160TVO CENTER VETERANOV VOJNE&nbsp; ZA SLOVENIJO&nbsp; &nbsp; LOGATEC Poljska pot 6, 1370 Logatec Mati\u010dna \u0161tevilka: 4015568000 Dav\u010dna \u0161tevilka:74579754 TRR: SI56 0202 5025 8478 332 (NLB d.d.). info:robert.lukan(@)siol.net QR koda za pla\u010dilo \u010dlanarine. Popravi sklic na \u0161t: 00-\u0161t, izkaznice. &nbsp;<\/p>\n","protected":false},"author":1,"featured_media":0,"parent":0,"menu_order":0,"comment_status":"closed","ping_status":"closed","template":"","meta":{"ngg_post_thumbnail":0,"footnotes":""},"class_list":["post-116","page","type-page","status-publish","hentry"],"_links":{"self":[{"href":"https:\/\/www.sd-cvvs.si\/index.php\/wp-json\/wp\/v2\/pages\/116","targetHints":{"allow":["GET"]}}],"collection":[{"href":"https:\/\/www.sd-cvvs.si\/index.php\/wp-json\/wp\/v2\/pages"}],"about":[{"href":"https:\/\/www.sd-cvvs.si\/index.php\/wp-json\/wp\/v2\/types\/page"}],"author":[{"embeddable":true,"href":"https:\/\/www.sd-cvvs.si\/index.php\/wp-json\/wp\/v2\/users\/1"}],"replies":[{"embeddable":true,"href":"https:\/\/www.sd-cvvs.si\/index.php\/wp-json\/wp\/v2\/comments?post=116"}],"version-history":[{"count":9,"href":"https:\/\/www.sd-cvvs.si\/index.php\/wp-json\/wp\/v2\/pages\/116\/revisions"}],"predecessor-version":[{"id":377,"href":"https:\/\/www.sd-cvvs.si\/index.php\/wp-json\/wp\/v2\/pages\/116\/revisions\/377"}],"wp:attachment":[{"href":"https:\/\/www.sd-cvvs.si\/index.php\/wp-json\/wp\/v2\/media?parent=116"}],"curies":[{"name":"wp","href":"https:\/\/api.w.org\/{rel}","templated":true}]}}